{"id":304,"date":"2020-01-19T15:02:31","date_gmt":"2020-01-19T14:02:31","guid":{"rendered":"http:\/\/new.rs-inmotion.de\/wordpress\/?page_id=304"},"modified":"2024-07-10T14:34:30","modified_gmt":"2024-07-10T12:34:30","slug":"konzept","status":"publish","type":"page","link":"https:\/\/new.rs-inmotion.de\/wordpress\/konzept\/","title":{"rendered":"Konzept"},"content":{"rendered":"<section class=\"l-section wpb_row us_custom_87ab2e50 height_medium\"><div class=\"l-section-h i-cf\"><div class=\"g-cols vc_row via_flex valign_top type_default stacking_default\"><div class=\"vc_col-sm-12 wpb_column vc_column_container\"><div class=\"vc_column-inner us_custom_2d9ebfef\"><div class=\"wpb_wrapper\"><div class=\"wpb_text_column\"><div class=\"wpb_wrapper\"><\/div><\/div><\/div><\/div><\/div><\/div><\/div><\/section><section class=\"l-section wpb_row height_medium\"><div class=\"l-section-h i-cf\"><div class=\"g-cols vc_row via_flex valign_top type_default stacking_default\"><div class=\"vc_col-sm-12 wpb_column vc_column_container\"><div class=\"vc_column-inner\"><div class=\"wpb_wrapper\"><div class=\"wpb_text_column\"><div class=\"wpb_wrapper\"><p><strong>Kennenlernen<\/strong><\/p>\n<p>Bitte nehmen Sie per E-Mail, Kontaktformular, WhatsApp oder Telefon Kontakt mit mir auf und schildern Ihr Anliegen.<\/p>\n<p>In einem kurzen Gespr\u00e4ch (pers\u00f6nlich oder am Telefon) schauen wir, ob die Chemie stimmt und was ich f\u00fcr Sie tun kann.<\/p>\n<\/div><\/div><\/div><\/div><\/div><\/div><\/div><\/section><section class=\"l-section wpb_row height_medium\"><div class=\"l-section-h i-cf\"><div class=\"g-cols vc_row via_flex valign_top type_default stacking_default\"><div class=\"vc_col-sm-12 wpb_column vc_column_container\"><div class=\"vc_column-inner\"><div class=\"wpb_wrapper\"><div class=\"wpb_text_column\"><div class=\"wpb_wrapper\"><p><strong>Anamnese<\/strong><\/p>\n<p>Die ausf\u00fchrliche Befragung ist von unsch\u00e4tzbarem Wert um Ihre Beschwerden von allen Seiten zu beleuchten und den Ursachen auf den Grund zu gehen.<\/p>\n<p>Es ist wichtig, dass Sie hier absolut offen und mitteilsam sind. So bekomme ich wichtige Anhaltspunkte, in welche Richtung die Behandlung gehen sollte.<\/p>\n<\/div><\/div><\/div><\/div><\/div><\/div><\/div><\/section><section class=\"l-section wpb_row height_medium\"><div class=\"l-section-h i-cf\"><div class=\"g-cols vc_row via_flex valign_top type_default stacking_default\"><div class=\"vc_col-sm-12 wpb_column vc_column_container\"><div class=\"vc_column-inner\"><div class=\"wpb_wrapper\"><div class=\"wpb_text_column\"><div class=\"wpb_wrapper\"><p><strong>Untersuchung<\/strong><\/p>\n<p>Die k\u00f6rperliche Untersuchung bringt weitere wichtige Einsichten. Wo sind Bewegungseinschr\u00e4nkungen, Schwellungen, Durchblutungsst\u00f6rungen, Hautver\u00e4nderungen, Reflexabweichungen&#8230;?<\/p>\n<p>So entsteht langsam ein Gesamtbild und ich kann eine Behandlungsempfehlung aussprechen.<\/p>\n<\/div><\/div><\/div><\/div><\/div><\/div><\/div><\/section><section class=\"l-section wpb_row height_medium\"><div class=\"l-section-h i-cf\"><div class=\"g-cols vc_row via_flex valign_top type_default stacking_default\"><div class=\"vc_col-sm-12 wpb_column vc_column_container\"><div class=\"vc_column-inner\"><div class=\"wpb_wrapper\"><div class=\"wpb_text_column\"><div class=\"wpb_wrapper\"><p><strong>Behandlung<\/strong><\/p>\n<p>Wir erstellen gemeinsam einen Behandlungsplan, der zielf\u00fchrend ist und zu Ihnen passt. Ich schlage Ihnen verschiedene Therapien vor und wir w\u00e4hlen die Herangehensweise, mit der Sie sich am wohlsten f\u00fchlen. Denn: Ihre Mitarbeit ist dabei das Wichtigste! (Termine einhalten, \u00dcbungen zu Hause umsetzen, Heilkr\u00e4uter regelm\u00e4\u00dfig einnehmen&#8230;)<\/p>\n<p>Ich werde mit der Zeit entbehrlich und Sie \u00fcbernehmen das &#8222;gesundbleiben&#8220; mit einem gest\u00e4rkten K\u00f6rpergef\u00fchl.<\/p>\n<p>Nat\u00fcrlich stehe ich Ihnen weiterhin beratend zur Seite. Das geht oftmals &#8211; ganz unkompliziert &#8211; telefonisch, per E- Mail oder WhatsApp.<\/p>\n<\/div><\/div><\/div><\/div><\/div><\/div><\/div><\/section>\n","protected":false},"excerpt":{"rendered":"Kennenlernen Bitte nehmen Sie per E-Mail, Kontaktformular, WhatsApp oder Telefon Kontakt mit mir auf und schildern Ihr Anliegen. In einem kurzen Gespr\u00e4ch (pers\u00f6nlich oder am Telefon) schauen wir, ob die Chemie stimmt und was ich f\u00fcr Sie tun kann. Anamnese Die ausf\u00fchrliche Befragung ist von unsch\u00e4tzbarem Wert um Ihre Beschwerden von allen Seiten zu beleuchten...","protected":false},"author":1,"featured_media":0,"parent":0,"menu_order":0,"comment_status":"closed","ping_status":"closed","template":"","meta":{"footnotes":""},"class_list":["post-304","page","type-page","status-publish","hentry"],"_links":{"self":[{"href":"https:\/\/new.rs-inmotion.de\/wordpress\/wp-json\/wp\/v2\/pages\/304","targetHints":{"allow":["GET"]}}],"collection":[{"href":"https:\/\/new.rs-inmotion.de\/wordpress\/wp-json\/wp\/v2\/pages"}],"about":[{"href":"https:\/\/new.rs-inmotion.de\/wordpress\/wp-json\/wp\/v2\/types\/page"}],"author":[{"embeddable":true,"href":"https:\/\/new.rs-inmotion.de\/wordpress\/wp-json\/wp\/v2\/users\/1"}],"replies":[{"embeddable":true,"href":"https:\/\/new.rs-inmotion.de\/wordpress\/wp-json\/wp\/v2\/comments?post=304"}],"version-history":[{"count":43,"href":"https:\/\/new.rs-inmotion.de\/wordpress\/wp-json\/wp\/v2\/pages\/304\/revisions"}],"predecessor-version":[{"id":1032,"href":"https:\/\/new.rs-inmotion.de\/wordpress\/wp-json\/wp\/v2\/pages\/304\/revisions\/1032"}],"wp:attachment":[{"href":"https:\/\/new.rs-inmotion.de\/wordpress\/wp-json\/wp\/v2\/media?parent=304"}],"curies":[{"name":"wp","href":"https:\/\/api.w.org\/{rel}","templated":true}]}}