{"id":247,"date":"2020-01-15T14:39:13","date_gmt":"2020-01-15T13:39:13","guid":{"rendered":"http:\/\/new.rs-inmotion.de\/wordpress\/?page_id=247"},"modified":"2024-10-18T19:52:37","modified_gmt":"2024-10-18T17:52:37","slug":"anwendungen","status":"publish","type":"page","link":"https:\/\/new.rs-inmotion.de\/wordpress\/anwendungen\/","title":{"rendered":"Anwendungen"},"content":{"rendered":"<section class=\"l-section wpb_row us_custom_eac1f462 height_medium\"><div class=\"l-section-h i-cf\"><div class=\"g-cols vc_row via_flex valign_top type_default stacking_default\"><div class=\"vc_col-sm-12 wpb_column vc_column_container\"><div class=\"vc_column-inner\"><div class=\"wpb_wrapper\"><\/div><\/div><\/div><\/div><\/div><\/section><section class=\"l-section wpb_row us_custom_0d15be52 height_medium\" id=\"naturheilkunde\"><div class=\"l-section-h i-cf\"><div class=\"g-cols vc_row via_flex valign_top type_default stacking_default\"><div class=\"vc_col-sm-6 wpb_column vc_column_container\"><div class=\"vc_column-inner\"><div class=\"wpb_wrapper\"><div class=\"wpb_text_column\"><div class=\"wpb_wrapper\"><h3>Naturheilkunde<\/h3>\n<p>Naturheilkundliche Behandlungen gibt es schon so lange es Menschen gibt. Schon immer machen wir uns die heilsamen Kr\u00e4fte der Pflanzenwelt zu Nutze. Viele Leiden k\u00f6nnen so nat\u00fcrlich gelindert werden. Eine fachkundige Beratung ist hier sehr wichtig. Sprechen Sie mich gerne an und wir entscheiden gemeinsam, welche Behandlungen f\u00fcr Sie in Frage kommen.<\/p>\n<p>Naturheilkundliche Anwendungen in meiner Praxis:<\/p>\n<ul>\n<li>Phytotherapie (Pflanzenheilkunde)<\/li>\n<li>Ern\u00e4hrungsberatung\/ Darmgesundheit<\/li>\n<li>Ganzheitliche Hautgesundheit<\/li>\n<li>Aromatherapie<\/li>\n<li>Ohr- Akupunktur<\/li>\n<li>Manuelle Therapie<\/li>\n<li>Bewegungstherapie<\/li>\n<li>Neurofeedback<\/li>\n<li>Atemtherapie<\/li>\n<li>Misteltherapie<\/li>\n<li>Schr\u00f6pfen<\/li>\n<li>Massagen<\/li>\n<\/ul>\n<\/div><\/div><\/div><\/div><\/div><div class=\"vc_col-sm-6 wpb_column vc_column_container\"><div class=\"vc_column-inner\"><div class=\"wpb_wrapper\"><div class=\"w-image align_none\"><div class=\"w-image-h\"><img decoding=\"async\" width=\"1024\" height=\"677\" src=\"https:\/\/new.rs-inmotion.de\/wordpress\/wp-content\/uploads\/lisa-hobbs-mRaNok_Ld6s-unsplash-1024x677.jpg\" class=\"attachment-large size-large\" alt=\"\" loading=\"lazy\" srcset=\"https:\/\/new.rs-inmotion.de\/wordpress\/wp-content\/uploads\/lisa-hobbs-mRaNok_Ld6s-unsplash-1024x677.jpg 1024w, https:\/\/new.rs-inmotion.de\/wordpress\/wp-content\/uploads\/lisa-hobbs-mRaNok_Ld6s-unsplash-300x198.jpg 300w, https:\/\/new.rs-inmotion.de\/wordpress\/wp-content\/uploads\/lisa-hobbs-mRaNok_Ld6s-unsplash-1536x1015.jpg 1536w, https:\/\/new.rs-inmotion.de\/wordpress\/wp-content\/uploads\/lisa-hobbs-mRaNok_Ld6s-unsplash-2048x1354.jpg 2048w, https:\/\/new.rs-inmotion.de\/wordpress\/wp-content\/uploads\/lisa-hobbs-mRaNok_Ld6s-unsplash-420x278.jpg 420w\" sizes=\"auto, (max-width: 1024px) 100vw, 1024px\" \/><\/div><\/div><\/div><\/div><\/div><div class=\"vc_col-sm-12 wpb_column vc_column_container\"><div class=\"vc_column-inner\"><div class=\"wpb_wrapper\"><\/div><\/div><\/div><\/div><\/div><\/section><section class=\"l-section wpb_row height_medium\" id=\"manuelletherapie\"><div class=\"l-section-h i-cf\"><div class=\"g-cols vc_row via_flex valign_top type_default stacking_default\"><div class=\"vc_col-sm-6 wpb_column vc_column_container\"><div class=\"vc_column-inner\"><div class=\"wpb_wrapper\"><div class=\"w-image align_none\"><div class=\"w-image-h\"><img decoding=\"async\" width=\"1024\" height=\"681\" src=\"https:\/\/new.rs-inmotion.de\/wordpress\/wp-content\/uploads\/tyler-milligan-dSIcpkddKrM-unsplash-1024x681.jpg\" class=\"attachment-large size-large\" alt=\"\" loading=\"lazy\" srcset=\"https:\/\/new.rs-inmotion.de\/wordpress\/wp-content\/uploads\/tyler-milligan-dSIcpkddKrM-unsplash-1024x681.jpg 1024w, https:\/\/new.rs-inmotion.de\/wordpress\/wp-content\/uploads\/tyler-milligan-dSIcpkddKrM-unsplash-300x199.jpg 300w, https:\/\/new.rs-inmotion.de\/wordpress\/wp-content\/uploads\/tyler-milligan-dSIcpkddKrM-unsplash-1536x1021.jpg 1536w, https:\/\/new.rs-inmotion.de\/wordpress\/wp-content\/uploads\/tyler-milligan-dSIcpkddKrM-unsplash-2048x1362.jpg 2048w, https:\/\/new.rs-inmotion.de\/wordpress\/wp-content\/uploads\/tyler-milligan-dSIcpkddKrM-unsplash-420x279.jpg 420w\" sizes=\"auto, (max-width: 1024px) 100vw, 1024px\" \/><\/div><\/div><\/div><\/div><\/div><div class=\"vc_col-sm-6 wpb_column vc_column_container\"><div class=\"vc_column-inner\"><div class=\"wpb_wrapper\"><div class=\"wpb_text_column\"><div class=\"wpb_wrapper\"><p><b>Manuelle Therapie<\/b><\/p>\n<p>Die Manuelle Therapie darf nur von speziell daf\u00fcr ausgebildeten, zertifizierten Therapeuten durchgef\u00fchrt werden. Ich habe hierf\u00fcr eine berufsbegleitende Fortbildung \u00fcber 3 Jahre mit weit \u00fcber 700 Unterrichtsstunden absolviert und die abschlie\u00dfende Pr\u00fcfung bestanden.<\/p>\n<p>Bei dieser Therapieform werden Funktionsst\u00f6rungen des Bewegungssystems untersucht und durch gezielte Mobilisationstechniken am Gelenk behandelt. Dadurch wird das Zusammenspiel zwischen Gelenken, Nerven und Muskeln verbessert.<\/p>\n<p>Nat\u00fcrlich zeige ich Ihnen auch aktive \u00dcbungen zur Eigenmobilisation oder Stabilisierung der Gelenke, damit Sie sich auch selbst helfen k\u00f6nnen.<\/p>\n<p>Anwendungsbereiche sind (z. B.):<\/p>\n<ul>\n<li>Kopfschmerzen<\/li>\n<li>R\u00fcckenbeschwerden<\/li>\n<li>Nervenirritationen<\/li>\n<li>Tennisellbogen \/ Mausarm<\/li>\n<li>Kiefergelenksbeschwerden<\/li>\n<li>Gelenksteife<\/li>\n<li>&#8230; u. v. m.<\/li>\n<\/ul>\n<\/div><\/div><\/div><\/div><\/div><\/div><\/div><\/section><section class=\"l-section wpb_row us_custom_0d15be52 height_medium\" id=\"krankengymnastik\"><div class=\"l-section-h i-cf\"><div class=\"g-cols vc_row via_flex valign_top type_default stacking_default\"><div class=\"vc_col-sm-6 wpb_column vc_column_container\"><div class=\"vc_column-inner\"><div class=\"wpb_wrapper\"><div class=\"wpb_text_column\"><div class=\"wpb_wrapper\"><p><b>Krankengymnastik<\/b><\/p>\n<p>Krankengymnastik ist eine haupts\u00e4chlich aktive Behandlungsform. Sie werden mit gezielten \u00dcbungen (wieder) in Bewegung gebracht. Je nach Beschwerdebild werden hierdurch:<\/p>\n<ul>\n<li>Gelenke mobilisiert oder stabilisiert<\/li>\n<li>Muskeln gekr\u00e4ftigt oder gedehnt\/ entspannt<\/li>\n<li>Koordination und Haltung verbessert<\/li>\n<li>Die Kondition gesteigert<\/li>\n<li>Lymphe und Stoffwechsel aktiviert<\/li>\n<\/ul>\n<p>Eine wichtige Voraussetzung f\u00fcr den Behandlungserfolg ist dabei Ihre Mitarbeit! Die erlernten \u00dcbungen sollen auch zu Hause (zwischen den Behandlungsterminen) durchgef\u00fchrt werden.<\/p>\n<\/div><\/div><\/div><\/div><\/div><div class=\"vc_col-sm-6 wpb_column vc_column_container\"><div class=\"vc_column-inner\"><div class=\"wpb_wrapper\"><div class=\"w-image align_none\"><div class=\"w-image-h\"><img decoding=\"async\" width=\"1024\" height=\"683\" src=\"https:\/\/new.rs-inmotion.de\/wordpress\/wp-content\/uploads\/2020\/01\/fezbot2000-BJs9cj88W7M-unsplash-1024x683.jpg\" class=\"attachment-large size-large\" alt=\"\" loading=\"lazy\" srcset=\"https:\/\/new.rs-inmotion.de\/wordpress\/wp-content\/uploads\/2020\/01\/fezbot2000-BJs9cj88W7M-unsplash-1024x683.jpg 1024w, https:\/\/new.rs-inmotion.de\/wordpress\/wp-content\/uploads\/2020\/01\/fezbot2000-BJs9cj88W7M-unsplash-300x200.jpg 300w, https:\/\/new.rs-inmotion.de\/wordpress\/wp-content\/uploads\/2020\/01\/fezbot2000-BJs9cj88W7M-unsplash-1536x1024.jpg 1536w, https:\/\/new.rs-inmotion.de\/wordpress\/wp-content\/uploads\/2020\/01\/fezbot2000-BJs9cj88W7M-unsplash-2048x1365.jpg 2048w, https:\/\/new.rs-inmotion.de\/wordpress\/wp-content\/uploads\/2020\/01\/fezbot2000-BJs9cj88W7M-unsplash-420x280.jpg 420w, https:\/\/new.rs-inmotion.de\/wordpress\/wp-content\/uploads\/2020\/01\/fezbot2000-BJs9cj88W7M-unsplash-scaled-e1578600234468.jpg 1920w\" sizes=\"auto, (max-width: 1024px) 100vw, 1024px\" \/><\/div><\/div><\/div><\/div><\/div><\/div><\/div><\/section><section class=\"l-section wpb_row height_medium\" id=\"manuellelymphdrainage\"><div class=\"l-section-h i-cf\"><div class=\"g-cols vc_row via_flex valign_top type_default stacking_default\"><div class=\"vc_col-sm-6 wpb_column vc_column_container\"><div class=\"vc_column-inner\"><div class=\"wpb_wrapper\"><div class=\"w-image align_none\"><div class=\"w-image-h\"><img decoding=\"async\" width=\"1024\" height=\"683\" src=\"https:\/\/new.rs-inmotion.de\/wordpress\/wp-content\/uploads\/nicole-geri-CPICHw-ImhU-unsplash-1024x683.jpg\" class=\"attachment-large size-large\" alt=\"\" loading=\"lazy\" srcset=\"https:\/\/new.rs-inmotion.de\/wordpress\/wp-content\/uploads\/nicole-geri-CPICHw-ImhU-unsplash-1024x683.jpg 1024w, https:\/\/new.rs-inmotion.de\/wordpress\/wp-content\/uploads\/nicole-geri-CPICHw-ImhU-unsplash-300x200.jpg 300w, https:\/\/new.rs-inmotion.de\/wordpress\/wp-content\/uploads\/nicole-geri-CPICHw-ImhU-unsplash-1536x1024.jpg 1536w, https:\/\/new.rs-inmotion.de\/wordpress\/wp-content\/uploads\/nicole-geri-CPICHw-ImhU-unsplash-2048x1365.jpg 2048w, https:\/\/new.rs-inmotion.de\/wordpress\/wp-content\/uploads\/nicole-geri-CPICHw-ImhU-unsplash-420x280.jpg 420w\" sizes=\"auto, (max-width: 1024px) 100vw, 1024px\" \/><\/div><\/div><\/div><\/div><\/div><div class=\"vc_col-sm-6 wpb_column vc_column_container\"><div class=\"vc_column-inner\"><div class=\"wpb_wrapper\"><div class=\"wpb_text_column\"><div class=\"wpb_wrapper\"><p><b>Manuelle Lymphdrainage<\/b><\/p>\n<p>Das Lymphsystem hat die Aufgabe, Fl\u00fcssigkeiten abzutransportieren und zu filtern, die sich im Gewebe ansammeln. St\u00f6rungen dieser Funktion f\u00fchren meist zu unangenehmen Schwellungen. Ursachen f\u00fcr Lymphstauungen sind z. B.:<\/p>\n<ul>\n<li>Entfernung von Lymphknoten<\/li>\n<li>Krebserkrankungen<\/li>\n<li>Verletzungen durch Unf\u00e4lle<\/li>\n<li>erkrankte Lymphgef\u00e4\u00dfe<\/li>\n<\/ul>\n<p>Die Manuelle Lymphdrainage wird von daf\u00fcr ausgebildeten Therapeuten eingesetzt um eine mangelhafte Funktion des Lymphsystems zu unterst\u00fctzen. Dabei werden spezielle Handgriffe angewendet, die durch rhythmische, kreisende und pumpende Bewegungen die Fl\u00fcssigkeit in Richtung Hals verschieben. Teilweise wird \u00fcber die Atmung und Anregung entfernt liegender Lymphknoten eine Sogwirkung erzielt, die den Abtransport unterst\u00fctzt. Auf diese Art kommt es zur Abschwellung des Gewebes, Schmerzen k\u00f6nnen reduziert und die Beweglichkeit verbessert werden. Meist ist eine zus\u00e4tzliche Kompressionsbehandlung n\u00f6tig, damit die Schwellung nicht wenige Stunden nach der Lymphdrainage wieder zur\u00fcck ist.<\/p>\n<\/div><\/div><\/div><\/div><\/div><\/div><\/div><\/section><section class=\"l-section wpb_row us_custom_0d15be52 height_medium\" id=\"reflektorischeatemtherapie\"><div class=\"l-section-h i-cf\"><div class=\"g-cols vc_row via_flex valign_top type_default stacking_default\"><div class=\"vc_col-sm-6 wpb_column vc_column_container\"><div class=\"vc_column-inner\"><div class=\"wpb_wrapper\"><div class=\"wpb_text_column\"><div class=\"wpb_wrapper\"><p><b>Reflektorische Atemtherapie<\/b><\/p>\n<p>Diese besondere Behandlungsmethode kommt bei Lungenerkrankungen wie COPD, Asthma, Emphysem und Mukoviszidose zum Einsatz.<\/p>\n<p>Ziele:<\/p>\n<ul>\n<li>Vertiefung der Atmung<\/li>\n<li>Verbesserung der Brustkorbbeweglichkeit<\/li>\n<li>Aktivierung des Zwerchfells<\/li>\n<li>Erleichterung der Atmung<\/li>\n<li>Schleiml\u00f6sung<\/li>\n<\/ul>\n<p>Die Behandlung besteht aus 3 Schritten:<\/p>\n<ol>\n<li>Hei\u00dfe Kompresse<br \/>\n(Stimulation des Atemzentrums \u00fcber Temperaturrezeptoren der Haut)<\/li>\n<li>Manuelle Behandlung (Hauptteil)<br \/>\n(gezielte Grifftechniken provozieren Atemreflexe, aktivieren das Zwerchfell, l\u00f6sen Brustkorb und Muskulatur&#8230;)<\/li>\n<li>Atemgymnastik<br \/>\n(Festigen der Erfolge aus der manuellen Behandlung, Selbsthilfe, Eigen\u00fcbungen f\u00fcr zu Hause)<\/li>\n<\/ol>\n<p>Auch bei Erkrankungen deren Folge eine ver\u00e4nderte Atmung ist (wie z. B. bei Wirbels\u00e4ulenver\u00e4nderungen wie Skoliose, M. Bechterew, Trichterbrust&#8230;) kann diese Therapieform gute Erfolge erzielen<\/p>\n<\/div><\/div><\/div><\/div><\/div><div class=\"vc_col-sm-6 wpb_column vc_column_container\"><div class=\"vc_column-inner\"><div class=\"wpb_wrapper\"><div class=\"w-image align_none\"><div class=\"w-image-h\"><img decoding=\"async\" width=\"1024\" height=\"683\" src=\"https:\/\/new.rs-inmotion.de\/wordpress\/wp-content\/uploads\/fabian-moller-gI7zgb80QWY-unsplash-1024x683.jpg\" class=\"attachment-large size-large\" alt=\"\" loading=\"lazy\" srcset=\"https:\/\/new.rs-inmotion.de\/wordpress\/wp-content\/uploads\/fabian-moller-gI7zgb80QWY-unsplash-1024x683.jpg 1024w, https:\/\/new.rs-inmotion.de\/wordpress\/wp-content\/uploads\/fabian-moller-gI7zgb80QWY-unsplash-300x200.jpg 300w, https:\/\/new.rs-inmotion.de\/wordpress\/wp-content\/uploads\/fabian-moller-gI7zgb80QWY-unsplash-1536x1024.jpg 1536w, https:\/\/new.rs-inmotion.de\/wordpress\/wp-content\/uploads\/fabian-moller-gI7zgb80QWY-unsplash-2048x1366.jpg 2048w, https:\/\/new.rs-inmotion.de\/wordpress\/wp-content\/uploads\/fabian-moller-gI7zgb80QWY-unsplash-420x280.jpg 420w\" sizes=\"auto, (max-width: 1024px) 100vw, 1024px\" \/><\/div><\/div><\/div><\/div><\/div><\/div><\/div><\/section><section class=\"l-section wpb_row us_custom_0d15be52 height_medium\" id=\"neurofeedback\"><div class=\"l-section-overlay\" style=\"background:#ffffff\"><\/div><div class=\"l-section-h i-cf\"><div class=\"g-cols vc_row via_flex valign_top type_default stacking_default\"><div class=\"vc_col-sm-6 wpb_column vc_column_container\"><div class=\"vc_column-inner\"><div class=\"wpb_wrapper\"><div class=\"w-image align_none\"><div class=\"w-image-h\"><img decoding=\"async\" width=\"1024\" height=\"778\" src=\"https:\/\/new.rs-inmotion.de\/wordpress\/wp-content\/uploads\/milad-fakurian-58Z17lnVS4U-unsplash-1024x778.jpg\" class=\"attachment-large size-large\" alt=\"\" loading=\"lazy\" srcset=\"https:\/\/new.rs-inmotion.de\/wordpress\/wp-content\/uploads\/milad-fakurian-58Z17lnVS4U-unsplash-1024x778.jpg 1024w, https:\/\/new.rs-inmotion.de\/wordpress\/wp-content\/uploads\/milad-fakurian-58Z17lnVS4U-unsplash-300x228.jpg 300w, https:\/\/new.rs-inmotion.de\/wordpress\/wp-content\/uploads\/milad-fakurian-58Z17lnVS4U-unsplash-395x300.jpg 395w\" sizes=\"auto, (max-width: 1024px) 100vw, 1024px\" \/><\/div><\/div><\/div><\/div><\/div><div class=\"vc_col-sm-6 wpb_column vc_column_container\"><div class=\"vc_column-inner\"><div class=\"wpb_wrapper\"><div class=\"wpb_text_column\"><div class=\"wpb_wrapper\"><p><b>Neurofeedback<\/b><\/p>\n<p>Neurofeedback ist ein computergest\u00fctztes Gehirntraining, das die Messung der elektrischen Hirnaktivit\u00e4t mittels EEG\u00a0beinhaltet.\u00a0Der Patient lernt anhand der vereinfachten bildlichen Darstellung seiner Hirnstr\u00f6me im Neurofeedbacktraining, verschiedene Hirnfunktionen wie Konzentration, Entspannung etc. zu beeinflussen. Dies geschieht zun\u00e4chst unbewusst und ganz automatisch. Nach einigen Sitzungen bildet das Gehirn immer mehr Verbindungen im gew\u00fcnschten Bereich aus und eine bewusste Steuerung wird auch im Alltag sp\u00fcrbar. F\u00fcr Kinder wird das Training spielerisch gestaltet.<\/p>\n<p>Anwendungsbereiche:<\/p>\n<ul>\n<li>AD(H)S<\/li>\n<li>Epilepsie<\/li>\n<li>Depressionen<\/li>\n<li>Schlafst\u00f6rungen<\/li>\n<li>Kopfschmerzen \/ Migr\u00e4ne<\/li>\n<li>Suchterkrankungen<\/li>\n<li>Stress \/ Burnout<\/li>\n<li>\u00c4ngste \/ Panik<\/li>\n<\/ul>\n<h4><\/h4>\n<\/div><\/div><\/div><\/div><\/div><\/div><\/div><\/section><section class=\"l-section wpb_row us_custom_0d15be52 height_medium\" id=\"ohrakupunktur\"><div class=\"l-section-h i-cf\"><div class=\"g-cols vc_row via_flex valign_top type_default stacking_default\"><div class=\"vc_col-sm-6 wpb_column vc_column_container\"><div class=\"vc_column-inner\"><div class=\"wpb_wrapper\"><div class=\"wpb_text_column\"><div class=\"wpb_wrapper\"><p><b>Ohr- Akupunktur<\/b><\/p>\n<p>Es bestehen reflektorische Beziehungen zwischen bestimmten Punkten auf dem Ohr und unserem K\u00f6rper. Es ist m\u00f6glich \u00fcber die Reizung der Akupunkturpunkte im Ohr Einfluss auf die dazu geh\u00f6renden Regionen im K\u00f6rper zu nehmen. Die Anwendungsm\u00f6glichkeiten sind sehr umfangreich. Hier einige Beispiele:<\/p>\n<ul>\n<li>Gelenkschmerzen<\/li>\n<li>Chronisch Entz\u00fcndliche Darmerkrankungen<\/li>\n<li>Hexenschuss<\/li>\n<li>Kopfschmerzen<\/li>\n<li>Schwindel<\/li>\n<li>Menstruationsbeschwerden<\/li>\n<li>Neuropathien\/ Neuralgien<\/li>\n<li>\u00dcbelkeit<\/li>\n<li>Schmerzen<\/li>\n<li>Suchtentw\u00f6hnung<\/li>\n<li>Tinnitus<\/li>\n<li>Verstopfung<\/li>\n<li>&#8230; u. v. m.<\/li>\n<\/ul>\n<\/div><\/div><\/div><\/div><\/div><div class=\"vc_col-sm-6 wpb_column vc_column_container\"><div class=\"vc_column-inner\"><div class=\"wpb_wrapper\"><div class=\"w-image align_none\"><div class=\"w-image-h\"><img decoding=\"async\" width=\"1024\" height=\"683\" src=\"https:\/\/new.rs-inmotion.de\/wordpress\/wp-content\/uploads\/kyle-smith-SIZ66vF4FKA-unsplash-1024x683.jpg\" class=\"attachment-large size-large\" alt=\"\" loading=\"lazy\" srcset=\"https:\/\/new.rs-inmotion.de\/wordpress\/wp-content\/uploads\/kyle-smith-SIZ66vF4FKA-unsplash-1024x683.jpg 1024w, https:\/\/new.rs-inmotion.de\/wordpress\/wp-content\/uploads\/kyle-smith-SIZ66vF4FKA-unsplash-300x200.jpg 300w, https:\/\/new.rs-inmotion.de\/wordpress\/wp-content\/uploads\/kyle-smith-SIZ66vF4FKA-unsplash-1536x1024.jpg 1536w, https:\/\/new.rs-inmotion.de\/wordpress\/wp-content\/uploads\/kyle-smith-SIZ66vF4FKA-unsplash-2048x1365.jpg 2048w, https:\/\/new.rs-inmotion.de\/wordpress\/wp-content\/uploads\/kyle-smith-SIZ66vF4FKA-unsplash-420x280.jpg 420w\" sizes=\"auto, (max-width: 1024px) 100vw, 1024px\" \/><\/div><\/div><\/div><\/div><\/div><\/div><\/div><\/section><section class=\"l-section wpb_row us_custom_0d15be52 height_medium\" id=\"aromatherapie\"><div class=\"l-section-overlay\" style=\"background:#ffffff\"><\/div><div class=\"l-section-h i-cf\"><div class=\"g-cols vc_row via_flex valign_top type_default stacking_default\"><div class=\"vc_col-sm-6 wpb_column vc_column_container\"><div class=\"vc_column-inner\"><div class=\"wpb_wrapper\"><div class=\"w-image align_none\"><div class=\"w-image-h\"><img decoding=\"async\" width=\"1024\" height=\"683\" src=\"https:\/\/new.rs-inmotion.de\/wordpress\/wp-content\/uploads\/christin-hume-0MoF-Fe0w0A-unsplash-1024x683.jpg\" class=\"attachment-large size-large\" alt=\"\" loading=\"lazy\" srcset=\"https:\/\/new.rs-inmotion.de\/wordpress\/wp-content\/uploads\/christin-hume-0MoF-Fe0w0A-unsplash-1024x683.jpg 1024w, https:\/\/new.rs-inmotion.de\/wordpress\/wp-content\/uploads\/christin-hume-0MoF-Fe0w0A-unsplash-300x200.jpg 300w, https:\/\/new.rs-inmotion.de\/wordpress\/wp-content\/uploads\/christin-hume-0MoF-Fe0w0A-unsplash-1536x1024.jpg 1536w, https:\/\/new.rs-inmotion.de\/wordpress\/wp-content\/uploads\/christin-hume-0MoF-Fe0w0A-unsplash-2048x1365.jpg 2048w, https:\/\/new.rs-inmotion.de\/wordpress\/wp-content\/uploads\/christin-hume-0MoF-Fe0w0A-unsplash-420x280.jpg 420w\" sizes=\"auto, (max-width: 1024px) 100vw, 1024px\" \/><\/div><\/div><\/div><\/div><\/div><div class=\"vc_col-sm-6 wpb_column vc_column_container\"><div class=\"vc_column-inner\"><div class=\"wpb_wrapper\"><div class=\"wpb_text_column\"><div class=\"wpb_wrapper\"><p><b>Aromatherapie<\/b><\/p>\n<p>Die Aromatherapie ist ein Naturheilverfahren, das mit Hilfe von \u00e4therischen \u00d6len Krankheiten lindern und das Wohlbefinden steigern kann. Die \u00d6le k\u00f6nnen dabei als Einreibung, Wickel, Inhalation oder Badezusatz zum Einsatz kommen. Wenige von Ihnen d\u00fcrfen auch eingenommen werden. Die Anwendungsgebiete sind sehr vielf\u00e4ltig, z. B. Schmerzen, nerv\u00f6se Unruhe, Schlafprobleme, Verdauungsbeschwerden, Erk\u00e4ltungskrankheiten u. v. m.<\/p>\n<\/div><\/div><\/div><\/div><\/div><\/div><\/div><\/section><section class=\"l-section wpb_row us_custom_0d15be52 height_medium\" id=\"triggerpunkttherapie\"><div class=\"l-section-h i-cf\"><div class=\"g-cols vc_row via_flex valign_top type_default stacking_default\"><div class=\"vc_col-sm-6 wpb_column vc_column_container\"><div class=\"vc_column-inner\"><div class=\"wpb_wrapper\"><div class=\"wpb_text_column\"><div class=\"wpb_wrapper\"><p><b>Triggerpunkttherapie<\/b><\/p>\n<p>Die Triggerpunkttherapie hat als Ziel die Beseitigung von Schmerzen sogenannter myofaszialer Triggerpunkte. Diese sind lokal begrenzte Muskelverh\u00e4rtungen in der Skelettmuskulatur, die druckempfindlich sind und von denen \u00fcbertragene Schmerzen ausgehen k\u00f6nnen. Die Behandlung findet mit gezieltem Druck und\/oder dem Anstechen mit Hilfe feiner Akupunkturnadeln (Dry Needling) statt.<\/p>\n<\/div><\/div><\/div><\/div><\/div><div class=\"vc_col-sm-6 wpb_column vc_column_container\"><div class=\"vc_column-inner\"><div class=\"wpb_wrapper\"><div class=\"w-image align_none\"><div class=\"w-image-h\"><img decoding=\"async\" width=\"1024\" height=\"683\" src=\"https:\/\/new.rs-inmotion.de\/wordpress\/wp-content\/uploads\/jesper-aggergaard-CEM52sAHR80-unsplash-1024x683.jpg\" class=\"attachment-large size-large\" alt=\"\" loading=\"lazy\" srcset=\"https:\/\/new.rs-inmotion.de\/wordpress\/wp-content\/uploads\/jesper-aggergaard-CEM52sAHR80-unsplash-1024x683.jpg 1024w, https:\/\/new.rs-inmotion.de\/wordpress\/wp-content\/uploads\/jesper-aggergaard-CEM52sAHR80-unsplash-300x200.jpg 300w, https:\/\/new.rs-inmotion.de\/wordpress\/wp-content\/uploads\/jesper-aggergaard-CEM52sAHR80-unsplash-1536x1024.jpg 1536w, https:\/\/new.rs-inmotion.de\/wordpress\/wp-content\/uploads\/jesper-aggergaard-CEM52sAHR80-unsplash-2048x1365.jpg 2048w, https:\/\/new.rs-inmotion.de\/wordpress\/wp-content\/uploads\/jesper-aggergaard-CEM52sAHR80-unsplash-420x280.jpg 420w\" sizes=\"auto, (max-width: 1024px) 100vw, 1024px\" \/><\/div><\/div><\/div><\/div><\/div><\/div><\/div><\/section><section class=\"l-section wpb_row height_medium\" id=\"schr\u00f6pfen\"><div class=\"l-section-h i-cf\"><div class=\"g-cols vc_row via_flex valign_top type_default stacking_default\"><div class=\"vc_col-sm-6 wpb_column vc_column_container\"><div class=\"vc_column-inner\"><div class=\"wpb_wrapper\"><div class=\"w-image align_none\"><div class=\"w-image-h\"><img decoding=\"async\" width=\"1024\" height=\"683\" src=\"https:\/\/new.rs-inmotion.de\/wordpress\/wp-content\/uploads\/IMG_9446-1024x683.jpg\" class=\"attachment-large size-large\" alt=\"\" loading=\"lazy\" srcset=\"https:\/\/new.rs-inmotion.de\/wordpress\/wp-content\/uploads\/IMG_9446-1024x683.jpg 1024w, https:\/\/new.rs-inmotion.de\/wordpress\/wp-content\/uploads\/IMG_9446-300x200.jpg 300w, https:\/\/new.rs-inmotion.de\/wordpress\/wp-content\/uploads\/IMG_9446-1536x1024.jpg 1536w, https:\/\/new.rs-inmotion.de\/wordpress\/wp-content\/uploads\/IMG_9446-2048x1365.jpg 2048w, https:\/\/new.rs-inmotion.de\/wordpress\/wp-content\/uploads\/IMG_9446-420x280.jpg 420w\" sizes=\"auto, (max-width: 1024px) 100vw, 1024px\" \/><\/div><\/div><\/div><\/div><\/div><div class=\"vc_col-sm-6 wpb_column vc_column_container\"><div class=\"vc_column-inner\"><div class=\"wpb_wrapper\"><div class=\"wpb_text_column\"><div class=\"wpb_wrapper\"><p><b>Schr\u00f6pfen<\/b><\/p>\n<p>Beim Schr\u00f6pfen wird mit Hilfe von Saugglocken ein Unterdruck auf bestimmten Hautarealen erzeugt. So entsteht ein Reiz im Organismus, der Blockaden und Verklebungen im Bindegewebe l\u00f6st und die Selbstheilungskr\u00e4fte sowie die Durchblutung anregt. Au\u00dferdem ist es m\u00f6glich \u00fcber die sogenannten &#8222;Head-Zonen&#8220; regulierenden Einfluss auf die zugeh\u00f6rigen Organe zu nehmen.<\/p>\n<\/div><\/div><\/div><\/div><\/div><\/div><\/div><\/section><section class=\"l-section wpb_row us_custom_0d15be52 height_medium\" id=\"ernaehrungsberatung\"><div class=\"l-section-h i-cf\"><div class=\"g-cols vc_row via_flex valign_top type_default stacking_default\"><div class=\"vc_col-sm-6 wpb_column vc_column_container\"><div class=\"vc_column-inner\"><div class=\"wpb_wrapper\"><div class=\"wpb_text_column\"><div class=\"wpb_wrapper\"><p><b>Ern\u00e4hrungsberatung<\/b><\/p>\n<p>Mit unserer Ern\u00e4hrungsweise haben wir ein sehr wirksames Instrument um unseren K\u00f6rper und sogar die Psyche g\u00fcnstig zu beeinflussen. Es ist durchaus m\u00f6glich Beschwerden wie Bluthochdruck, Diabetes, Hautprobleme, Gicht, Arthrose, Adipositas, Depressionen, Verdauungsst\u00f6rungen, u.v.m. deutlich zu lindern. Sie lernen wieder auf die nat\u00fcrlichen Bed\u00fcrfnisse Ihres K\u00f6rpers zu h\u00f6ren und das S\u00e4ttigungsgef\u00fchl rechtzeitig zu sp\u00fcren. \u00a0Sie k\u00f6nnen Hunger von Appetit unterscheiden, lernen wie man emotionalem Hunger begegnet, Hei\u00dfhungerattacken vermeidet und seinen Darm gesund h\u00e4lt.<\/p>\n<\/div><\/div><\/div><\/div><\/div><div class=\"vc_col-sm-6 wpb_column vc_column_container\"><div class=\"vc_column-inner\"><div class=\"wpb_wrapper\"><div class=\"w-image align_none\"><div class=\"w-image-h\"><img decoding=\"async\" width=\"1024\" height=\"683\" src=\"https:\/\/new.rs-inmotion.de\/wordpress\/wp-content\/uploads\/pablo-merchan-montes-Orz90t6o0e4-unsplash-1024x683.jpg\" class=\"attachment-large size-large\" alt=\"\" loading=\"lazy\" srcset=\"https:\/\/new.rs-inmotion.de\/wordpress\/wp-content\/uploads\/pablo-merchan-montes-Orz90t6o0e4-unsplash-1024x683.jpg 1024w, https:\/\/new.rs-inmotion.de\/wordpress\/wp-content\/uploads\/pablo-merchan-montes-Orz90t6o0e4-unsplash-300x200.jpg 300w, https:\/\/new.rs-inmotion.de\/wordpress\/wp-content\/uploads\/pablo-merchan-montes-Orz90t6o0e4-unsplash-420x280.jpg 420w\" sizes=\"auto, (max-width: 1024px) 100vw, 1024px\" \/><\/div><\/div><\/div><\/div><\/div><\/div><\/div><\/section>\n","protected":false},"excerpt":{"rendered":"Naturheilkunde Naturheilkundliche Behandlungen gibt es schon so lange es Menschen gibt. Schon immer machen wir uns die heilsamen Kr\u00e4fte der Pflanzenwelt zu Nutze. Viele Leiden k\u00f6nnen so nat\u00fcrlich gelindert werden. Eine fachkundige Beratung ist hier sehr wichtig. Sprechen Sie mich gerne an und wir entscheiden gemeinsam, welche Behandlungen f\u00fcr Sie in Frage kommen. Naturheilkundliche Anwendungen...","protected":false},"author":1,"featured_media":0,"parent":0,"menu_order":0,"comment_status":"closed","ping_status":"closed","template":"","meta":{"footnotes":""},"class_list":["post-247","page","type-page","status-publish","hentry"],"_links":{"self":[{"href":"https:\/\/new.rs-inmotion.de\/wordpress\/wp-json\/wp\/v2\/pages\/247","targetHints":{"allow":["GET"]}}],"collection":[{"href":"https:\/\/new.rs-inmotion.de\/wordpress\/wp-json\/wp\/v2\/pages"}],"about":[{"href":"https:\/\/new.rs-inmotion.de\/wordpress\/wp-json\/wp\/v2\/types\/page"}],"author":[{"embeddable":true,"href":"https:\/\/new.rs-inmotion.de\/wordpress\/wp-json\/wp\/v2\/users\/1"}],"replies":[{"embeddable":true,"href":"https:\/\/new.rs-inmotion.de\/wordpress\/wp-json\/wp\/v2\/comments?post=247"}],"version-history":[{"count":57,"href":"https:\/\/new.rs-inmotion.de\/wordpress\/wp-json\/wp\/v2\/pages\/247\/revisions"}],"predecessor-version":[{"id":1054,"href":"https:\/\/new.rs-inmotion.de\/wordpress\/wp-json\/wp\/v2\/pages\/247\/revisions\/1054"}],"wp:attachment":[{"href":"https:\/\/new.rs-inmotion.de\/wordpress\/wp-json\/wp\/v2\/media?parent=247"}],"curies":[{"name":"wp","href":"https:\/\/api.w.org\/{rel}","templated":true}]}}